{"id":85,"date":"2026-01-21T15:03:06","date_gmt":"2026-01-21T15:03:06","guid":{"rendered":"https:\/\/www.webdesignstudio.no\/?page_id=85"},"modified":"2026-01-22T08:19:30","modified_gmt":"2026-01-22T08:19:30","slug":"faq","status":"publish","type":"page","link":"https:\/\/www.webdesignstudio.no\/?page_id=85","title":{"rendered":"FAQ"},"content":{"rendered":"<p>[et_pb_section fb_built=&raquo;1&#8243; admin_label=&raquo;Header&raquo; _builder_version=&raquo;4.27.5&#8243; _module_preset=&raquo;default&raquo; background_color=&raquo;#FFFFFF&raquo; locked=&raquo;off&raquo; collapsed=&raquo;on&raquo; global_colors_info=&raquo;{}&raquo;][et_pb_row column_structure=&raquo;1_3,2_3&#8243; _builder_version=&raquo;4.25.1&#8243; _module_preset=&raquo;default&raquo; global_colors_info=&raquo;{}&raquo;][et_pb_column type=&raquo;1_3&#8243; _builder_version=&raquo;4.25.1&#8243; _module_preset=&raquo;default&raquo; global_colors_info=&raquo;{}&raquo;][et_pb_text _builder_version=&raquo;4.27.5&#8243; _module_preset=&raquo;ea20d34e-463f-439c-bf95-ad45b7531ae4&#8243; locked=&raquo;off&raquo; global_colors_info=&raquo;{}&raquo; custom_margin=&raquo;||10px||false|false&raquo; header_font=&raquo;Cormorant Garamond|||on|||||&raquo; header_font_size=&raquo;75px&raquo; header_letter_spacing=&raquo;0.2em&raquo; header_font_size_last_edited=&raquo;on|phone&raquo; hover_enabled=&raquo;0&#8243; sticky_enabled=&raquo;0&#8243; header_font_size_tablet=&raquo;40px&raquo; header_font_size_phone=&raquo;24px&raquo;]<\/p>\n<h1>FAQ<\/h1>\n<p>[\/et_pb_text][\/et_pb_column][et_pb_column type=&raquo;2_3&#8243; _builder_version=&raquo;4.25.1&#8243; _module_preset=&raquo;default&raquo; global_colors_info=&raquo;{}&raquo;][et_pb_accordion toggle_icon=&raquo;&#xf067;||fa||900&#8243; _builder_version=&raquo;4.27.5&#8243; _module_preset=&raquo;0b4248fc-b979-4f7f-8c69-3697ed9407fc&raquo; locked=&raquo;off&raquo; global_colors_info=&raquo;{%22gcid-bcc99e3b-722a-4dba-85e5-49c6d1592562%22:%91%22link_text_color%22,%22quote_border_color%22,%22link_text_color%22,%22quote_border_color%22%93,%22gcid-fa3e187d-20a7-4c5a-962d-49a38117a4cc%22:%91%22quote_text_color%22,%22quote_text_color%22,%22quote_text_color%22%93}&raquo; quote_font_size_tablet=&raquo;18px&raquo; quote_font_size_phone=&raquo;16px&raquo; quote_font_size_last_edited=&raquo;on|phone&raquo;][et_pb_accordion_item title=&raquo;Hva koster det \u00e5 f\u00e5 laget en nettside?&raquo; open=&raquo;on&raquo; _builder_version=&raquo;4.27.5&#8243; _module_preset=&raquo;6e750331-3ff9-4be1-9419-6f015d98b548&#8243; body_font_size=&raquo;16px&raquo; global_colors_info=&raquo;{}&raquo; toggle_font=&raquo;Cormorant Garamond||||||||&raquo;]<\/p>\n<p><span style=\"font-weight: 400;\">Prisene varierer basert p\u00e5 st\u00f8rrelse, funksjonalitet og omfang. Vi tilbyr alt fra enkle nettsider til skreddersydde nettbutikker. <\/span><span style=\"text-decoration: underline;\"><span style=\"font-weight: 400;\">Se v\u00e5re priser her<\/span><\/span><span style=\"font-weight: 400;\">, eller<\/span><span style=\"font-weight: 400;\"> ta kontakt for en uforpliktende prat.<\/span><\/p>\n<p>[\/et_pb_accordion_item][et_pb_accordion_item title=&raquo;Hvor lang tid tar det \u00e5 lage en nettside?&raquo; _builder_version=&raquo;4.27.5&#8243; _module_preset=&raquo;6e750331-3ff9-4be1-9419-6f015d98b548&#8243; body_font_size=&raquo;16px&raquo; global_colors_info=&raquo;{}&raquo; toggle_font=&raquo;Cormorant Garamond||||||||&raquo; open=&raquo;off&raquo;]<\/p>\n<p><span style=\"font-weight: 400;\">Tidsbruk avhenger av prosjektets st\u00f8rrelse og utgangspunkt. En enkel nettside kan v\u00e6re klar p\u00e5 1\u20132 uker, mens st\u00f8rre nettbutikker eller spesialtilpassede l\u00f8sninger tar lengre tid.<\/span><\/p>\n<p>[\/et_pb_accordion_item][et_pb_accordion_item title=&raquo;Kan jeg selv oppdatere innholdet p\u00e5 nettsiden etter at den er ferdig?&raquo; _builder_version=&raquo;4.27.5&#8243; _module_preset=&raquo;6e750331-3ff9-4be1-9419-6f015d98b548&#8243; body_font_size=&raquo;16px&raquo; global_colors_info=&raquo;{}&raquo; toggle_font=&raquo;Cormorant Garamond||||||||&raquo; open=&raquo;off&raquo;]<\/p>\n<p><span style=\"font-weight: 400;\">Ja! Vi bygger vanligvis nettsider i brukervennlige systemer som WordPress, hvor du enkelt kan redigere innhold selv. Vi kan gi oppl\u00e6ring til alle kunder som \u00f8nsker dette.<\/span><\/p>\n<p>[\/et_pb_accordion_item][et_pb_accordion_item title=&raquo;Tilbyr dere hjelp med SEO og digital markedsf\u00f8ring?&raquo; _builder_version=&raquo;4.27.5&#8243; _module_preset=&raquo;6e750331-3ff9-4be1-9419-6f015d98b548&#8243; body_font_size=&raquo;16px&raquo; global_colors_info=&raquo;{}&raquo; toggle_font=&raquo;Cormorant Garamond||||||||&raquo; open=&raquo;off&raquo;]<\/p>\n<p><span style=\"font-weight: 400;\">Absolutt. Vi hjelper med s\u00f8kemotoroptimalisering (SEO), annonsering p\u00e5 Google og sosiale medier, nyhetsbrev og mer.<\/span><span style=\"text-decoration: underline;\"><span style=\"font-weight: 400;\"> Les mer om v\u00e5re tjenester her.<\/span><\/span><\/p>\n<p>[\/et_pb_accordion_item][et_pb_accordion_item title=&raquo;Kan dere ta over og forbedre en eksisterende nettside eller nettbutikk?&raquo; _builder_version=&raquo;4.27.5&#8243; _module_preset=&raquo;6e750331-3ff9-4be1-9419-6f015d98b548&#8243; body_font_size=&raquo;16px&raquo; global_colors_info=&raquo;{}&raquo; toggle_font=&raquo;Cormorant Garamond||||||||&raquo; open=&raquo;off&raquo;]<\/p>\n<p><span style=\"font-weight: 400;\">Ja, vi kan ta over eksisterende l\u00f8sninger og optimalisere b\u00e5de design, innhold, funksjonalitet og synlighet.<\/span><\/p>\n<p>[\/et_pb_accordion_item][et_pb_accordion_item title=&raquo;Har dere support etter at nettsiden er lansert?&raquo; _builder_version=&raquo;4.27.5&#8243; _module_preset=&raquo;6e750331-3ff9-4be1-9419-6f015d98b548&#8243; body_font_size=&raquo;16px&raquo; global_colors_info=&raquo;{}&raquo; toggle_font=&raquo;Cormorant Garamond||||||||&raquo; open=&raquo;off&raquo;]<\/p>\n<p><span style=\"font-weight: 400;\">Ja, vi tilbyr vedlikeholdsavtaler og l\u00f8pende support slik at du alltid har hjelp tilgjengelig om noe skulle oppst\u00e5.<\/span><\/p>\n<p>[\/et_pb_accordion_item][et_pb_accordion_item title=&raquo;Er nettsidene deres mobilvennlige?&raquo; _builder_version=&raquo;4.27.5&#8243; _module_preset=&raquo;6e750331-3ff9-4be1-9419-6f015d98b548&#8243; body_font_size=&raquo;16px&raquo; global_colors_info=&raquo;{}&raquo; toggle_font=&raquo;Cormorant Garamond||||||||&raquo; open=&raquo;off&raquo;]<\/p>\n<p><span style=\"font-weight: 400;\">Ja, alle nettsider og nettbutikker vi lager er tilpasset b\u00e5de mobil, nettbrett og desktop.<\/span><\/p>\n<p>[\/et_pb_accordion_item][et_pb_accordion_item title=&raquo;Kan jeg koble nettsiden til betalingsl\u00f8sninger og fraktalternativer?&raquo; _builder_version=&raquo;4.27.5&#8243; _module_preset=&raquo;6e750331-3ff9-4be1-9419-6f015d98b548&#8243; body_font_size=&raquo;16px&raquo; global_colors_info=&raquo;{}&raquo; toggle_font=&raquo;Cormorant Garamond||||||||&raquo; open=&raquo;off&raquo;]<\/p>\n<p><span style=\"font-weight: 400;\">Ja, vi setter opp betalingsl\u00f8sninger som Stripe og PayPal.<\/span><\/p>\n<p>[\/et_pb_accordion_item][et_pb_accordion_item title=&raquo;F\u00e5r jeg hjelp til \u00e5 velge domene og webhotell?&raquo; _builder_version=&raquo;4.27.5&#8243; _module_preset=&raquo;6e750331-3ff9-4be1-9419-6f015d98b548&#8243; body_font_size=&raquo;16px&raquo; global_colors_info=&raquo;{}&raquo; toggle_font=&raquo;Cormorant Garamond||||||||&raquo; open=&raquo;off&raquo;]<\/p>\n<p><span style=\"font-weight: 400;\">Ja, vi hjelper deg gjerne med \u00e5 velge domenenavn og setter opp b\u00e5de domene og webhotell \u2013 og s\u00f8rger for at alt er klart til lansering.<\/span><\/p>\n<p>[\/et_pb_accordion_item][et_pb_accordion_item title=&raquo;Hvordan kommer jeg i gang?&raquo; _builder_version=&raquo;4.27.5&#8243; _module_preset=&raquo;6e750331-3ff9-4be1-9419-6f015d98b548&#8243; body_font_size=&raquo;16px&raquo; global_colors_info=&raquo;{}&raquo; toggle_font=&raquo;Cormorant Garamond||||||||&raquo; open=&raquo;off&raquo;]<\/p>\n<p><span style=\"font-weight: 400;\">Ta kontakt via v\u00e5rt kontaktskjema, e-post eller telefon \u2013 s\u00e5 setter vi opp en uforpliktende prat og kartlegger dine behov.<\/span><\/p>\n<p>[\/et_pb_accordion_item][\/et_pb_accordion][\/et_pb_column][\/et_pb_row][\/et_pb_section][et_pb_section fb_built=&raquo;1&#8243; admin_label=&raquo;Footer&raquo; _builder_version=&raquo;4.27.5&#8243; _module_preset=&raquo;default&raquo; background_color=&raquo;#323628&#8243; saved_tabs=&raquo;all&raquo; locked=&raquo;off&raquo; collapsed=&raquo;on&raquo; global_colors_info=&raquo;{}&raquo;][et_pb_row _builder_version=&raquo;4.20.0&#8243; _module_preset=&raquo;default&raquo; global_colors_info=&raquo;{}&raquo;][et_pb_column type=&raquo;4_4&#8243; _builder_version=&raquo;4.20.0&#8243; _module_preset=&raquo;default&raquo; global_colors_info=&raquo;{}&raquo;][et_pb_text _builder_version=&raquo;4.27.5&#8243; _module_preset=&raquo;2d819180-c1d2-45bf-b01a-bfc2c24a075d&raquo; header_2_text_color=&raquo;#FFFFFF&raquo; text_orientation=&raquo;center&raquo; global_colors_info=&raquo;{}&raquo;]<\/p>\n<h2>Ta kontakt i dag for et m\u00f8te<\/h2>\n<p>[\/et_pb_text][et_pb_contact_form captcha=&raquo;off&raquo; _builder_version=&raquo;4.20.0&#8243; _module_preset=&raquo;2589a056-3ea9-4b7d-927d-27bcaa15e21c&raquo; max_width=&raquo;700px&raquo; module_alignment=&raquo;center&raquo; locked=&raquo;off&raquo; global_colors_info=&raquo;{}&raquo;][et_pb_contact_field field_id=&raquo;Name&raquo; field_title=&raquo;Name&raquo; fullwidth_field=&raquo;on&raquo; _builder_version=&raquo;4.16&#8243; _module_preset=&raquo;default&raquo; global_colors_info=&raquo;{}&raquo; button_text_size__hover_enabled=&raquo;off&raquo; button_one_text_size__hover_enabled=&raquo;off&raquo; button_two_text_size__hover_enabled=&raquo;off&raquo; button_text_color__hover_enabled=&raquo;off&raquo; button_one_text_color__hover_enabled=&raquo;off&raquo; button_two_text_color__hover_enabled=&raquo;off&raquo; button_border_width__hover_enabled=&raquo;off&raquo; button_one_border_width__hover_enabled=&raquo;off&raquo; button_two_border_width__hover_enabled=&raquo;off&raquo; button_border_color__hover_enabled=&raquo;off&raquo; button_one_border_color__hover_enabled=&raquo;off&raquo; button_two_border_color__hover_enabled=&raquo;off&raquo; button_border_radius__hover_enabled=&raquo;off&raquo; button_one_border_radius__hover_enabled=&raquo;off&raquo; button_two_border_radius__hover_enabled=&raquo;off&raquo; button_letter_spacing__hover_enabled=&raquo;off&raquo; button_one_letter_spacing__hover_enabled=&raquo;off&raquo; button_two_letter_spacing__hover_enabled=&raquo;off&raquo; button_bg_color__hover_enabled=&raquo;off&raquo; button_one_bg_color__hover_enabled=&raquo;off&raquo; button_two_bg_color__hover_enabled=&raquo;off&raquo;][\/et_pb_contact_field][et_pb_contact_field field_id=&raquo;Email&raquo; field_title=&raquo;Email Address&raquo; field_type=&raquo;email&raquo; fullwidth_field=&raquo;on&raquo; _builder_version=&raquo;4.16&#8243; _module_preset=&raquo;default&raquo; global_colors_info=&raquo;{}&raquo; button_text_size__hover_enabled=&raquo;off&raquo; button_one_text_size__hover_enabled=&raquo;off&raquo; button_two_text_size__hover_enabled=&raquo;off&raquo; button_text_color__hover_enabled=&raquo;off&raquo; button_one_text_color__hover_enabled=&raquo;off&raquo; button_two_text_color__hover_enabled=&raquo;off&raquo; button_border_width__hover_enabled=&raquo;off&raquo; button_one_border_width__hover_enabled=&raquo;off&raquo; button_two_border_width__hover_enabled=&raquo;off&raquo; button_border_color__hover_enabled=&raquo;off&raquo; button_one_border_color__hover_enabled=&raquo;off&raquo; button_two_border_color__hover_enabled=&raquo;off&raquo; button_border_radius__hover_enabled=&raquo;off&raquo; button_one_border_radius__hover_enabled=&raquo;off&raquo; button_two_border_radius__hover_enabled=&raquo;off&raquo; button_letter_spacing__hover_enabled=&raquo;off&raquo; button_one_letter_spacing__hover_enabled=&raquo;off&raquo; button_two_letter_spacing__hover_enabled=&raquo;off&raquo; button_bg_color__hover_enabled=&raquo;off&raquo; button_one_bg_color__hover_enabled=&raquo;off&raquo; button_two_bg_color__hover_enabled=&raquo;off&raquo;][\/et_pb_contact_field][et_pb_contact_field field_id=&raquo;Message&raquo; field_title=&raquo;Message&raquo; field_type=&raquo;text&raquo; fullwidth_field=&raquo;on&raquo; _builder_version=&raquo;4.16&#8243; _module_preset=&raquo;default&raquo; global_colors_info=&raquo;{}&raquo; button_text_size__hover_enabled=&raquo;off&raquo; button_one_text_size__hover_enabled=&raquo;off&raquo; button_two_text_size__hover_enabled=&raquo;off&raquo; button_text_color__hover_enabled=&raquo;off&raquo; button_one_text_color__hover_enabled=&raquo;off&raquo; button_two_text_color__hover_enabled=&raquo;off&raquo; button_border_width__hover_enabled=&raquo;off&raquo; button_one_border_width__hover_enabled=&raquo;off&raquo; button_two_border_width__hover_enabled=&raquo;off&raquo; button_border_color__hover_enabled=&raquo;off&raquo; button_one_border_color__hover_enabled=&raquo;off&raquo; button_two_border_color__hover_enabled=&raquo;off&raquo; button_border_radius__hover_enabled=&raquo;off&raquo; button_one_border_radius__hover_enabled=&raquo;off&raquo; button_two_border_radius__hover_enabled=&raquo;off&raquo; button_letter_spacing__hover_enabled=&raquo;off&raquo; button_one_letter_spacing__hover_enabled=&raquo;off&raquo; button_two_letter_spacing__hover_enabled=&raquo;off&raquo; button_bg_color__hover_enabled=&raquo;off&raquo; button_one_bg_color__hover_enabled=&raquo;off&raquo; button_two_bg_color__hover_enabled=&raquo;off&raquo;][\/et_pb_contact_field][\/et_pb_contact_form][et_pb_social_media_follow _builder_version=&raquo;4.20.0&#8243; _module_preset=&raquo;default&raquo; text_orientation=&raquo;center&raquo; text_orientation_tablet=&raquo;left&raquo; text_orientation_last_edited=&raquo;off|desktop&raquo; border_radii=&raquo;on|100px|100px|100px|100px&raquo; border_width_all=&raquo;1px&raquo; border_color_all=&raquo;#FFFFFF&raquo; locked=&raquo;off&raquo; global_colors_info=&raquo;{}&raquo;][et_pb_social_media_follow_network social_network=&raquo;facebook&raquo; _builder_version=&raquo;4.20.0&#8243; _module_preset=&raquo;default&raquo; custom_padding=&raquo;4px|4px|4px|4px|true|true&raquo; global_colors_info=&raquo;{}&raquo; follow_button=&raquo;off&raquo; url_new_window=&raquo;on&raquo;]facebook[\/et_pb_social_media_follow_network][et_pb_social_media_follow_network social_network=&raquo;twitter&raquo; _builder_version=&raquo;4.20.0&#8243; _module_preset=&raquo;default&raquo; custom_padding=&raquo;4px|4px|4px|4px|true|true&raquo; global_colors_info=&raquo;{}&raquo; follow_button=&raquo;off&raquo; url_new_window=&raquo;on&raquo;]twitter[\/et_pb_social_media_follow_network][et_pb_social_media_follow_network social_network=&raquo;instagram&raquo; _builder_version=&raquo;4.20.0&#8243; _module_preset=&raquo;default&raquo; custom_padding=&raquo;4px|4px|4px|4px|true|true&raquo; global_colors_info=&raquo;{}&raquo; follow_button=&raquo;off&raquo; url_new_window=&raquo;on&raquo;]instagram[\/et_pb_social_media_follow_network][\/et_pb_social_media_follow][\/et_pb_column][\/et_pb_row][et_pb_row column_structure=&raquo;1_3,1_3,1_3&#8243; _builder_version=&raquo;4.20.0&#8243; _module_preset=&raquo;default&raquo; border_color_all=&raquo;gcid-e6f8585f-043d-4f05-ad96-fb05b9e45208&#8243; border_width_top=&raquo;1px&raquo; global_colors_info=&raquo;{%22gcid-e6f8585f-043d-4f05-ad96-fb05b9e45208%22:%91%22border_color_all%22%93}&raquo;][et_pb_column type=&raquo;1_3&#8243; _builder_version=&raquo;4.20.0&#8243; _module_preset=&raquo;default&raquo; global_colors_info=&raquo;{}&raquo;][et_pb_text _builder_version=&raquo;4.27.5&#8243; _module_preset=&raquo;f03c5e49-4c45-4189-947a-c8b26a0387ab&raquo; header_5_text_color=&raquo;#FFFFFF&raquo; custom_margin=&raquo;||0px||false|false&raquo; text_orientation_tablet=&raquo;center&raquo; text_orientation_phone=&raquo;&raquo; text_orientation_last_edited=&raquo;on|tablet&raquo; global_colors_info=&raquo;{}&raquo;]<\/p>\n<h5>Lokasjon<\/h5>\n<p>[\/et_pb_text][et_pb_text _builder_version=&raquo;4.27.5&#8243; _module_preset=&raquo;6f5f3d9f-9275-464d-b2b0-cab6765c4b32&#8243; text_text_color=&raquo;#FFFFFF&raquo; link_text_color=&raquo;gcid-e6f8585f-043d-4f05-ad96-fb05b9e45208&#8243; text_orientation_tablet=&raquo;center&raquo; text_orientation_phone=&raquo;&raquo; text_orientation_last_edited=&raquo;on|tablet&raquo; global_colors_info=&raquo;{%22gcid-e6f8585f-043d-4f05-ad96-fb05b9e45208%22:%91%22link_text_color%22%93}&raquo;]<\/p>\n<p>Oslo<\/p>\n<p>[\/et_pb_text][\/et_pb_column][et_pb_column type=&raquo;1_3&#8243; _builder_version=&raquo;4.20.0&#8243; _module_preset=&raquo;default&raquo; global_colors_info=&raquo;{}&raquo;][et_pb_text _builder_version=&raquo;4.27.5&#8243; _module_preset=&raquo;f03c5e49-4c45-4189-947a-c8b26a0387ab&raquo; header_5_text_color=&raquo;#FFFFFF&raquo; text_orientation=&raquo;center&raquo; custom_margin=&raquo;||0px||false|false&raquo; global_colors_info=&raquo;{}&raquo;]<\/p>\n<h5>Telefon<\/h5>\n<p>[\/et_pb_text][et_pb_text _builder_version=&raquo;4.27.5&#8243; _module_preset=&raquo;6f5f3d9f-9275-464d-b2b0-cab6765c4b32&#8243; text_text_color=&raquo;#FFFFFF&raquo; link_text_color=&raquo;gcid-e6f8585f-043d-4f05-ad96-fb05b9e45208&#8243; text_orientation=&raquo;center&raquo; global_colors_info=&raquo;{%22gcid-e6f8585f-043d-4f05-ad96-fb05b9e45208%22:%91%22link_text_color%22%93}&raquo;]<\/p>\n<p>(255) 352-6258<\/p>\n<p>[\/et_pb_text][\/et_pb_column][et_pb_column type=&raquo;1_3&#8243; _builder_version=&raquo;4.20.0&#8243; _module_preset=&raquo;default&raquo; global_colors_info=&raquo;{}&raquo;][et_pb_text _builder_version=&raquo;4.27.5&#8243; _module_preset=&raquo;f03c5e49-4c45-4189-947a-c8b26a0387ab&raquo; header_5_text_color=&raquo;#FFFFFF&raquo; text_orientation=&raquo;right&raquo; custom_margin=&raquo;||0px||false|false&raquo; text_orientation_tablet=&raquo;center&raquo; text_orientation_phone=&raquo;&raquo; text_orientation_last_edited=&raquo;on|tablet&raquo; global_colors_info=&raquo;{}&raquo;]<\/p>\n<h5>E-post<\/h5>\n<p>[\/et_pb_text][et_pb_text _builder_version=&raquo;4.27.5&#8243; _module_preset=&raquo;6f5f3d9f-9275-464d-b2b0-cab6765c4b32&#8243; text_text_color=&raquo;#FFFFFF&raquo; link_font=&raquo;||||on||||&raquo; link_text_color=&raquo;#FFFFFF&raquo; text_orientation=&raquo;right&raquo; text_orientation_tablet=&raquo;center&raquo; text_orientation_phone=&raquo;&raquo; text_orientation_last_edited=&raquo;on|tablet&raquo; global_colors_info=&raquo;{}&raquo;]<\/p>\n<p><a href=\"mailto:#\">hello@exempel.com<\/a><\/p>\n<p>[\/et_pb_text][\/et_pb_column][\/et_pb_row][\/et_pb_section]<\/p>\n","protected":false},"excerpt":{"rendered":"<p>FAQPrisene varierer basert p\u00e5 st\u00f8rrelse, funksjonalitet og omfang. Vi tilbyr alt fra enkle nettsider til skreddersydde nettbutikker. Se v\u00e5re priser her, eller ta kontakt for en uforpliktende prat.Tidsbruk avhenger av prosjektets st\u00f8rrelse og utgangspunkt. En enkel nettside kan v\u00e6re klar p\u00e5 1\u20132 uker, mens st\u00f8rre nettbutikker eller spesialtilpassede l\u00f8sninger tar lengre tid.Ja! Vi bygger vanligvis [&hellip;]<\/p>\n","protected":false},"author":1,"featured_media":0,"parent":0,"menu_order":0,"comment_status":"closed","ping_status":"closed","template":"","meta":{"_et_pb_use_builder":"on","_et_pb_old_content":"","_et_gb_content_width":"","footnotes":""},"class_list":["post-85","page","type-page","status-publish","hentry"],"_links":{"self":[{"href":"https:\/\/www.webdesignstudio.no\/index.php?rest_route=\/wp\/v2\/pages\/85","targetHints":{"allow":["GET"]}}],"collection":[{"href":"https:\/\/www.webdesignstudio.no\/index.php?rest_route=\/wp\/v2\/pages"}],"about":[{"href":"https:\/\/www.webdesignstudio.no\/index.php?rest_route=\/wp\/v2\/types\/page"}],"author":[{"embeddable":true,"href":"https:\/\/www.webdesignstudio.no\/index.php?rest_route=\/wp\/v2\/users\/1"}],"replies":[{"embeddable":true,"href":"https:\/\/www.webdesignstudio.no\/index.php?rest_route=%2Fwp%2Fv2%2Fcomments&post=85"}],"version-history":[{"count":15,"href":"https:\/\/www.webdesignstudio.no\/index.php?rest_route=\/wp\/v2\/pages\/85\/revisions"}],"predecessor-version":[{"id":163,"href":"https:\/\/www.webdesignstudio.no\/index.php?rest_route=\/wp\/v2\/pages\/85\/revisions\/163"}],"wp:attachment":[{"href":"https:\/\/www.webdesignstudio.no\/index.php?rest_route=%2Fwp%2Fv2%2Fmedia&parent=85"}],"curies":[{"name":"wp","href":"https:\/\/api.w.org\/{rel}","templated":true}]}}